{"id":10,"date":"2019-02-14T19:21:35","date_gmt":"2019-02-14T19:21:35","guid":{"rendered":"http:\/\/website.rockorchester-oberhausen.de\/?page_id=10"},"modified":"2025-10-15T22:00:46","modified_gmt":"2025-10-15T22:00:46","slug":"termine","status":"publish","type":"page","link":"http:\/\/website.rockorchester-oberhausen.de\/?page_id=10","title":{"rendered":"Termine"},"content":{"rendered":"\n<figure class=\"wp-block-table\"><table class=\"has-fixed-layout\"><thead><tr><th>Wann<\/th><th>Wo<\/th><th>Was<\/th><th>Tickets<\/th><\/tr><\/thead><tbody><tr><td>Sonntag, 15.09.2024, 11:00 Uhr<\/td><td>Bochum, Kunstmuseum <\/td><td>Wertungsspiel; 11. Landes-Orchesterwettbewerb NRW 2024<\/td><td>\u00f6ffentlich, Eintritt frei<\/td><\/tr><tr><td>Sonntag, 15.09.2024, 20:00 Uhr<\/td><td>Bochum, Anneliese Brost Musikforum Ruhr<\/td><td>Preistr\u00e4gerkonzert; 11. Landes-Orchesterwettbewerb NRW 2024<\/td><td>\u00f6ffentlich, Eintritt frei<\/td><\/tr><\/tbody><\/table><\/figure>\n\n\n\n<p><\/p>\n\n\n\n<div class=\"wp-block-buttons is-content-justification-left is-layout-flex wp-container-core-buttons-is-layout-fdcfc74e wp-block-buttons-is-layout-flex\">\n<div class=\"wp-block-button\"><a class=\"wp-block-button__link wp-element-button\" href=\"http:\/\/website.rockorchester-oberhausen.de\/?page_id=14\">Zum Kontaktformular<\/a><\/div>\n<\/div>\n","protected":false},"excerpt":{"rendered":"<p>Wann Wo Was Tickets Sonntag, 15.09.2024, 11:00 Uhr Bochum, Kunstmuseum Wertungsspiel; 11. Landes-Orchesterwettbewerb NRW 2024 \u00f6ffentlich, Eintritt frei Sonntag, 15.09.2024, 20:00 Uhr Bochum, Anneliese Brost Musikforum Ruhr Preistr\u00e4gerkonzert; 11. Landes-Orchesterwettbewerb NRW 2024 \u00f6ffentlich, Eintritt frei<\/p>\n","protected":false},"author":1,"featured_media":0,"parent":0,"menu_order":0,"comment_status":"closed","ping_status":"closed","template":"","meta":{"give_campaign_id":0,"footnotes":""},"class_list":["post-10","page","type-page","status-publish","hentry"],"campaignId":"","_links":{"self":[{"href":"http:\/\/website.rockorchester-oberhausen.de\/index.php?rest_route=\/wp\/v2\/pages\/10","targetHints":{"allow":["GET"]}}],"collection":[{"href":"http:\/\/website.rockorchester-oberhausen.de\/index.php?rest_route=\/wp\/v2\/pages"}],"about":[{"href":"http:\/\/website.rockorchester-oberhausen.de\/index.php?rest_route=\/wp\/v2\/types\/page"}],"author":[{"embeddable":true,"href":"http:\/\/website.rockorchester-oberhausen.de\/index.php?rest_route=\/wp\/v2\/users\/1"}],"replies":[{"embeddable":true,"href":"http:\/\/website.rockorchester-oberhausen.de\/index.php?rest_route=%2Fwp%2Fv2%2Fcomments&post=10"}],"version-history":[{"count":68,"href":"http:\/\/website.rockorchester-oberhausen.de\/index.php?rest_route=\/wp\/v2\/pages\/10\/revisions"}],"predecessor-version":[{"id":516,"href":"http:\/\/website.rockorchester-oberhausen.de\/index.php?rest_route=\/wp\/v2\/pages\/10\/revisions\/516"}],"wp:attachment":[{"href":"http:\/\/website.rockorchester-oberhausen.de\/index.php?rest_route=%2Fwp%2Fv2%2Fmedia&parent=10"}],"curies":[{"name":"wp","href":"https:\/\/api.w.org\/{rel}","templated":true}]}}